{"id":211,"date":"2019-03-05T19:32:20","date_gmt":"2019-03-05T17:32:20","guid":{"rendered":"https:\/\/metalheads-remigiusland.de\/?page_id=211"},"modified":"2025-03-12T21:03:35","modified_gmt":"2025-03-12T19:03:35","slug":"unsere-partner","status":"publish","type":"page","link":"https:\/\/metalheads-remigiusland.de\/?page_id=211","title":{"rendered":"Unsere Partner"},"content":{"rendered":"<h2><span style=\"color: #ff0000;\">Ein herzliches Dankesch\u00f6n geht an unsere Partner, die uns auf vielf\u00e4ltige Weise unterst\u00fctzen und so den Metal im Remigiusland lebendig halten:<\/span><\/h2>\n<hr \/>\n<hr \/>\n<h2>F\u00fcr die Headbangers Night XXI:<\/h2>\n<p><a href=\"https:\/\/metalheads-remigiusland.de\/wp-content\/uploads\/2023\/12\/Flyer-Rueckseite-2024-1.bmp\"><img loading=\"lazy\" class=\"alignnone  wp-image-452\" src=\"https:\/\/metalheads-remigiusland.de\/wp-content\/uploads\/2023\/12\/Flyer-Rueckseite-2024-1.bmp\" alt=\"\" width=\"585\" height=\"825\" \/><\/a><\/p>\n<hr \/>\n<hr \/>\n<p><a href=\"https:\/\/metalheads-remigiusland.de\/wp-content\/uploads\/2025\/03\/Metzgerei-Braun.jpeg\"><img loading=\"lazy\" class=\"alignnone size-medium wp-image-610\" src=\"https:\/\/metalheads-remigiusland.de\/wp-content\/uploads\/2025\/03\/Metzgerei-Braun-300x207.jpeg\" alt=\"\" width=\"300\" height=\"207\" srcset=\"https:\/\/metalheads-remigiusland.de\/wp-content\/uploads\/2025\/03\/Metzgerei-Braun-300x207.jpeg 300w, https:\/\/metalheads-remigiusland.de\/wp-content\/uploads\/2025\/03\/Metzgerei-Braun-768x529.jpeg 768w, https:\/\/metalheads-remigiusland.de\/wp-content\/uploads\/2025\/03\/Metzgerei-Braun.jpeg 799w\" sizes=\"(max-width: 300px) 100vw, 300px\" \/><\/a><\/p>\n<p><strong>Metzgerei Braun <\/strong><br \/>\nFleisch &amp; Wurst GmbH &amp; Co. KG<br \/>\nErlenh\u00f6he 2,\u00a066871 Konken<br \/>\nTelefon: 06384\/92150<br \/>\nFax: 06384\/921588<br \/>\nE-mail: <a href=\"mailto:info@metzgerei-peter-braun.de\"><u>info@metzgerei-peter-braun.de<\/u><\/a><\/p>\n<p><a href=\"http:\/\/www.malerrohe.de\" target=\"_blank\" rel=\"noopener\"><img loading=\"lazy\" class=\"wp-image-234 size-medium alignleft\" src=\"https:\/\/metalheads-remigiusland.de\/wp-content\/uploads\/2019\/03\/picture-1600-1-300x178.gif\" alt=\"\" width=\"300\" height=\"178\" \/><\/a><\/p>\n<p>Malermeister Timo Rohe<br \/>\nM\u00fchlweg 12<br \/>\n66871 K\u00f6rborn\/Kusel<\/p>\n<p><a href=\"http:\/\/www.malerrohe.de\" target=\"_blank\" rel=\"noopener\">www.malerrohe.de<\/a><\/p>\n","protected":false},"excerpt":{"rendered":"<div class=\"mh-excerpt\"><p>Ein herzliches Dankesch\u00f6n geht an unsere Partner, die uns auf vielf\u00e4ltige Weise unterst\u00fctzen und so den Metal im Remigiusland lebendig halten: F\u00fcr die Headbangers Night <a class=\"mh-excerpt-more\" href=\"https:\/\/metalheads-remigiusland.de\/?page_id=211\" title=\"Unsere Partner\">[&#8230;]<\/a><\/p>\n<\/div>","protected":false},"author":1,"featured_media":0,"parent":0,"menu_order":0,"comment_status":"closed","ping_status":"closed","template":"template-full.php","meta":[],"_links":{"self":[{"href":"https:\/\/metalheads-remigiusland.de\/index.php?rest_route=\/wp\/v2\/pages\/211"}],"collection":[{"href":"https:\/\/metalheads-remigiusland.de\/index.php?rest_route=\/wp\/v2\/pages"}],"about":[{"href":"https:\/\/metalheads-remigiusland.de\/index.php?rest_route=\/wp\/v2\/types\/page"}],"author":[{"embeddable":true,"href":"https:\/\/metalheads-remigiusland.de\/index.php?rest_route=\/wp\/v2\/users\/1"}],"replies":[{"embeddable":true,"href":"https:\/\/metalheads-remigiusland.de\/index.php?rest_route=%2Fwp%2Fv2%2Fcomments&post=211"}],"version-history":[{"count":26,"href":"https:\/\/metalheads-remigiusland.de\/index.php?rest_route=\/wp\/v2\/pages\/211\/revisions"}],"predecessor-version":[{"id":619,"href":"https:\/\/metalheads-remigiusland.de\/index.php?rest_route=\/wp\/v2\/pages\/211\/revisions\/619"}],"wp:attachment":[{"href":"https:\/\/metalheads-remigiusland.de\/index.php?rest_route=%2Fwp%2Fv2%2Fmedia&parent=211"}],"curies":[{"name":"wp","href":"https:\/\/api.w.org\/{rel}","templated":true}]}}