{"id":638,"date":"2025-09-15T20:03:13","date_gmt":"2025-09-15T18:03:13","guid":{"rendered":"https:\/\/metalheads-remigiusland.de\/?page_id=638"},"modified":"2025-09-15T21:01:07","modified_gmt":"2025-09-15T19:01:07","slug":"headbangers-night-hometown-edition-back-to-the-roots","status":"publish","type":"page","link":"https:\/\/metalheads-remigiusland.de\/?page_id=638","title":{"rendered":"Headbangers Night &#8211; Hometown Edition &#8211; Back to the roots"},"content":{"rendered":"\n<figure class=\"wp-block-image size-large\"><a href=\"https:\/\/metalheads-remigiusland.de\/wp-content\/uploads\/2025\/09\/Flyer-HBN-22-final-scaled.jpg\"><img loading=\"lazy\" width=\"724\" height=\"1024\" src=\"https:\/\/metalheads-remigiusland.de\/wp-content\/uploads\/2025\/09\/Flyer-HBN-22-final-724x1024.jpg\" alt=\"\" class=\"wp-image-630\" srcset=\"https:\/\/metalheads-remigiusland.de\/wp-content\/uploads\/2025\/09\/Flyer-HBN-22-final-724x1024.jpg 724w, https:\/\/metalheads-remigiusland.de\/wp-content\/uploads\/2025\/09\/Flyer-HBN-22-final-212x300.jpg 212w, https:\/\/metalheads-remigiusland.de\/wp-content\/uploads\/2025\/09\/Flyer-HBN-22-final-768x1086.jpg 768w, https:\/\/metalheads-remigiusland.de\/wp-content\/uploads\/2025\/09\/Flyer-HBN-22-final-1086x1536.jpg 1086w, https:\/\/metalheads-remigiusland.de\/wp-content\/uploads\/2025\/09\/Flyer-HBN-22-final-1448x2048.jpg 1448w, https:\/\/metalheads-remigiusland.de\/wp-content\/uploads\/2025\/09\/Flyer-HBN-22-final-scaled.jpg 1811w\" sizes=\"(max-width: 724px) 100vw, 724px\" \/><\/a><\/figure>\n\n\n\n<h2>Nicht umsonst tr\u00e4gt Etschberg den Beinamen &#8222;Rock City&#8220;. In den 80ern und 90ern fanden dort legend\u00e4re Hallenkonzerte statt, die den Ort im gesamten Kreis Kusel bekannt machten. In Etschberg gr\u00fcndeten sich 2004 die Metalheads Remigiusland, um den Metal in der damals Konzert toten Westpfalz am Leben zu erhalten. Dass dies gelungen ist, d\u00fcrfte heute bei dem vielf\u00e4ltigen Angebot an Konzerten und Festivals au\u00dfer Frage stehen. Aus verschiedenen Gr\u00fcnden war es ab 2005 leider nicht m\u00f6glich in unserem Heimatort die Headbangers Night zu veranstalten und mit der Zeit sind wir dann in Konken heimisch geworden. Ein Traum der Metalheads Remigiusland war es aber schon immer, eine HBN in Etschberg zu veranstalten. Am 22.11.2025 wird es nun endlich soweit sein.<\/h2>\n\n\n\n<h2>Mit unseren Brothers in Metal WHITE BURIAL, die Mitveranstalter sind, haben wir zwei weitere Bands eingeladen, die das Billing komplettieren.<\/h2>\n\n\n\n<h2>Da w\u00e4ren RE-MACHINED aus dem Rhein-Main-Gebiet, die f\u00fcr schn\u00f6rkellosen Heavy Metal, mit Hardrock-Anleihen stehen. Beeinflusst von Bands wie Saxon, Judas Priest, Accept oder Thin Lizzy, hat der F\u00fcnfer bereits zwei Alben eingespielt und \u00fcberzeugt mit schwei\u00dftreibender B\u00fchnenpr\u00e4senz. Die Songs von \u201eWheels Of Time\u201c und \u201eBrain Dead\u201c z\u00fcnden live sofort.<\/h2>\n\n\n\n<h2>Als Headliner konnten wir die K\u00f6lner WARWOLF verpflichten, die zuletzt durch ihren Support f\u00fcr Grave Digger viel positive Aufmerksamkeit auf sich ziehen konnten. Die drei Alben der Rheinl\u00e4nder atmen den Geist von Iron Maiden und es ist jetzt schon ein Trost, dass WARWOLF noch da sein werden, wenn es die Irons eines Tages nicht mehr geben wird. Live erwartet uns eine eingespielte Band, die genau wei\u00df, welche Erwartungen die Fans an eine Festivalshow stellen. Zusammengefasst in der Textzeile: \u201eWho Dares Wins, Let The Battle Begin\u201c!<\/h2>\n\n\n\n<h2>Die Dritten im Bunde sind die Lokalmatadoren von WHITE BURIAL. Mit klaren Zielen vor Augen, im Jahr 2023 auf der HBN 20 gestartet, haben es die traditionellen Metaller bereits geschafft zahlreiche Auftritte an Land zu ziehen und werden wohl bald alle wichtigen Festivals der Region beehrt haben. Die absolute Liebe und Hingabe zu unserer Musik ist die \u00fcber Jahren eibegrannte DNA der wei\u00dfen Bestatter.<\/h2>\n\n\n\n<h2>Es bleibt uns an dieser Stelle wiederholt gro\u00dfen Dank an alle Besucher und Unterst\u00fctzer der HBN auszusprechen. Wir h\u00e4tten in den Anfangstagen nicht damit gerechnet, dass wir nach \u00fcber 20 Jahren immer noch Konzerte veranstalten. Eine Mischung aus Freude, Stolz und Dankbarkeit dr\u00fcckt es wohl am besten aus, was wir unmittelbar nach einer gelungenen Veranstaltung f\u00fchlen. Von daher freuen wir uns \u00fcber alle, die auch in Etschberg wieder dabei sind und ihr Ticket im VVK erwerben, um uns und den Bands Planungssicherheit zu geben.<\/h2>\n\n\n\n<h2>Von daher bleibt unser Motto: von Fans f\u00fcr Fans! Be there and support Heavy Metal!<\/h2>\n\n\n\n<h2>Tickets wie immer bei Optik Drumm in der Bahnhofsstra\u00dfe in Kusel oder online unter: <a href=\"http:\/\/mplus.rocks\">http:\/\/mplus.rocks<\/a><\/h2>\n\n\n\n<h2>Weitere Infos unter: www.metalheads-remigiusland.de<\/h2>\n","protected":false},"excerpt":{"rendered":"<div class=\"mh-excerpt\"><p>Nicht umsonst tr\u00e4gt Etschberg den Beinamen &#8222;Rock City&#8220;. In den 80ern und 90ern fanden dort legend\u00e4re Hallenkonzerte statt, die den Ort im gesamten Kreis Kusel <a class=\"mh-excerpt-more\" href=\"https:\/\/metalheads-remigiusland.de\/?page_id=638\" title=\"Headbangers Night &#8211; Hometown Edition &#8211; Back to the roots\">[&#8230;]<\/a><\/p>\n<\/div>","protected":false},"author":1,"featured_media":0,"parent":0,"menu_order":0,"comment_status":"closed","ping_status":"closed","template":"","meta":[],"_links":{"self":[{"href":"https:\/\/metalheads-remigiusland.de\/index.php?rest_route=\/wp\/v2\/pages\/638"}],"collection":[{"href":"https:\/\/metalheads-remigiusland.de\/index.php?rest_route=\/wp\/v2\/pages"}],"about":[{"href":"https:\/\/metalheads-remigiusland.de\/index.php?rest_route=\/wp\/v2\/types\/page"}],"author":[{"embeddable":true,"href":"https:\/\/metalheads-remigiusland.de\/index.php?rest_route=\/wp\/v2\/users\/1"}],"replies":[{"embeddable":true,"href":"https:\/\/metalheads-remigiusland.de\/index.php?rest_route=%2Fwp%2Fv2%2Fcomments&post=638"}],"version-history":[{"count":4,"href":"https:\/\/metalheads-remigiusland.de\/index.php?rest_route=\/wp\/v2\/pages\/638\/revisions"}],"predecessor-version":[{"id":673,"href":"https:\/\/metalheads-remigiusland.de\/index.php?rest_route=\/wp\/v2\/pages\/638\/revisions\/673"}],"wp:attachment":[{"href":"https:\/\/metalheads-remigiusland.de\/index.php?rest_route=%2Fwp%2Fv2%2Fmedia&parent=638"}],"curies":[{"name":"wp","href":"https:\/\/api.w.org\/{rel}","templated":true}]}}